{"id":327,"date":"2024-05-20T16:19:20","date_gmt":"2024-05-20T14:19:20","guid":{"rendered":"https:\/\/shiba404.com\/?page_id=327"},"modified":"2024-05-22T22:29:51","modified_gmt":"2024-05-22T20:29:51","slug":"elementor-327","status":"publish","type":"page","link":"https:\/\/shiba404.com\/?page_id=327","title":{"rendered":"Legal information"},"content":{"rendered":"\t\t<div data-elementor-type=\"wp-page\" data-elementor-id=\"327\" class=\"elementor elementor-327\">\n\t\t\t\t\t\t<section class=\"elementor-section elementor-top-section elementor-element elementor-element-65542dd elementor-section-stretched elementor-section-boxed elementor-section-height-default elementor-section-height-default\" data-id=\"65542dd\" data-element_type=\"section\" data-settings=\"{&quot;stretch_section&quot;:&quot;section-stretched&quot;}\">\n\t\t\t\t\t\t<div class=\"elementor-container elementor-column-gap-default\">\n\t\t\t\t\t<div class=\"elementor-column elementor-col-100 elementor-top-column elementor-element elementor-element-4d17486\" data-id=\"4d17486\" data-element_type=\"column\">\n\t\t\t<div class=\"elementor-widget-wrap elementor-element-populated\">\n\t\t\t\t\t\t<div class=\"elementor-element elementor-element-a72e950 elementor-widget elementor-widget-image\" data-id=\"a72e950\" data-element_type=\"widget\" data-widget_type=\"image.default\">\n\t\t\t\t<div class=\"elementor-widget-container\">\n\t\t\t\t\t\t\t\t\t\t\t\t\t\t\t<img decoding=\"async\" width=\"303\" height=\"68\" src=\"https:\/\/shiba404.com\/wp-content\/uploads\/2023\/02\/logo-texte-bleu-petit.png\" class=\"attachment-large size-large wp-image-93\" alt=\"\" srcset=\"https:\/\/shiba404.com\/wp-content\/uploads\/2023\/02\/logo-texte-bleu-petit.png 303w, https:\/\/shiba404.com\/wp-content\/uploads\/2023\/02\/logo-texte-bleu-petit-300x67.png 300w, https:\/\/shiba404.com\/wp-content\/uploads\/2023\/02\/elementor\/thumbs\/logo-texte-bleu-petit-q2x9rs59iod815rz26fj9dxk72my9h3r448v0oaugu.png 227w\" sizes=\"(max-width: 303px) 100vw, 303px\" \/>\t\t\t\t\t\t\t\t\t\t\t\t\t\t\t<\/div>\n\t\t\t\t<\/div>\n\t\t\t\t\t<\/div>\n\t\t<\/div>\n\t\t\t\t\t<\/div>\n\t\t<\/section>\n\t\t\t\t<section class=\"elementor-section elementor-top-section elementor-element elementor-element-9200431 elementor-section-stretched elementor-section-boxed elementor-section-height-default elementor-section-height-default\" data-id=\"9200431\" data-element_type=\"section\" data-settings=\"{&quot;stretch_section&quot;:&quot;section-stretched&quot;}\">\n\t\t\t\t\t\t<div class=\"elementor-container elementor-column-gap-default\">\n\t\t\t\t\t<div class=\"elementor-column elementor-col-100 elementor-top-column elementor-element elementor-element-aa04ed9\" data-id=\"aa04ed9\" data-element_type=\"column\">\n\t\t\t<div class=\"elementor-widget-wrap elementor-element-populated\">\n\t\t\t\t\t\t<div class=\"elementor-element elementor-element-128eb48 elementor-hidden-mobile elementor-widget elementor-widget-text-editor\" data-id=\"128eb48\" data-element_type=\"widget\" data-widget_type=\"text-editor.default\">\n\t\t\t\t<div class=\"elementor-widget-container\">\n\t\t\t\t\t\t\t\t\t<p><strong>Mentions l\u00e9gales &#8211; Conditions d&rsquo;utilisation<br \/><\/strong><\/p>\t\t\t\t\t\t\t\t<\/div>\n\t\t\t\t<\/div>\n\t\t\t\t\t<\/div>\n\t\t<\/div>\n\t\t\t\t\t<\/div>\n\t\t<\/section>\n\t\t\t\t<section class=\"elementor-section elementor-top-section elementor-element elementor-element-b8c7856 elementor-section-stretched elementor-hidden-desktop elementor-hidden-tablet elementor-section-boxed elementor-section-height-default elementor-section-height-default\" data-id=\"b8c7856\" data-element_type=\"section\" data-settings=\"{&quot;stretch_section&quot;:&quot;section-stretched&quot;}\">\n\t\t\t\t\t\t<div class=\"elementor-container elementor-column-gap-default\">\n\t\t\t\t\t<div class=\"elementor-column elementor-col-100 elementor-top-column elementor-element elementor-element-c8be0c8\" data-id=\"c8be0c8\" data-element_type=\"column\">\n\t\t\t<div class=\"elementor-widget-wrap elementor-element-populated\">\n\t\t\t\t\t\t<div class=\"elementor-element elementor-element-429ca42 elementor-widget elementor-widget-text-editor\" data-id=\"429ca42\" data-element_type=\"widget\" data-widget_type=\"text-editor.default\">\n\t\t\t\t<div class=\"elementor-widget-container\">\n\t\t\t\t\t\t\t\t\t<strong>Mentions l\u00e9gales &#8211; Conditions d&rsquo;utilisation<\/strong>\t\t\t\t\t\t\t\t<\/div>\n\t\t\t\t<\/div>\n\t\t\t\t\t<\/div>\n\t\t<\/div>\n\t\t\t\t\t<\/div>\n\t\t<\/section>\n\t\t\t\t<section class=\"elementor-section elementor-top-section elementor-element elementor-element-8ca957e elementor-section-stretched elementor-section-boxed elementor-section-height-default elementor-section-height-default\" data-id=\"8ca957e\" data-element_type=\"section\" data-settings=\"{&quot;stretch_section&quot;:&quot;section-stretched&quot;}\">\n\t\t\t\t\t\t<div class=\"elementor-container elementor-column-gap-default\">\n\t\t\t\t\t<div class=\"elementor-column elementor-col-100 elementor-top-column elementor-element elementor-element-424e2e0\" data-id=\"424e2e0\" data-element_type=\"column\">\n\t\t\t<div class=\"elementor-widget-wrap elementor-element-populated\">\n\t\t\t\t\t\t<div class=\"elementor-element elementor-element-3f6d618 elementor-widget elementor-widget-text-editor\" data-id=\"3f6d618\" data-element_type=\"widget\" data-widget_type=\"text-editor.default\">\n\t\t\t\t<div class=\"elementor-widget-container\">\n\t\t\t\t\t\t\t\t\t<p>La poursuite de la navigation sur ce site par l\u2019utilisateur (ci-apr\u00e8s l\u2019\u00ab\u00a0<strong>Utilisateur<\/strong>\u00a0\u00bb) vaut acceptation sans r\u00e9serve des dispositions et conditions d\u2019utilisation ci-apr\u00e8s expos\u00e9es.<\/p><p>La pr\u00e9sente version des conditions d\u2019utilisation est la seule opposable pendant toute la dur\u00e9e d\u2019utilisation du site, et ce jusqu\u2019\u00e0 ce qu\u2019une nouvelle version la remplace.<\/p>\t\t\t\t\t\t\t\t<\/div>\n\t\t\t\t<\/div>\n\t\t\t\t\t<\/div>\n\t\t<\/div>\n\t\t\t\t\t<\/div>\n\t\t<\/section>\n\t\t\t\t<section class=\"elementor-section elementor-top-section elementor-element elementor-element-74aff28 elementor-section-stretched elementor-section-boxed elementor-section-height-default elementor-section-height-default\" data-id=\"74aff28\" data-element_type=\"section\" data-settings=\"{&quot;stretch_section&quot;:&quot;section-stretched&quot;}\">\n\t\t\t\t\t\t<div class=\"elementor-container elementor-column-gap-default\">\n\t\t\t\t\t<div class=\"elementor-column elementor-col-100 elementor-top-column elementor-element elementor-element-7a7e488\" data-id=\"7a7e488\" data-element_type=\"column\">\n\t\t\t<div class=\"elementor-widget-wrap elementor-element-populated\">\n\t\t\t\t\t\t<div class=\"elementor-element elementor-element-edc8163 elementor-widget elementor-widget-text-editor\" data-id=\"edc8163\" data-element_type=\"widget\" data-widget_type=\"text-editor.default\">\n\t\t\t\t<div class=\"elementor-widget-container\">\n\t\t\t\t\t\t\t\t\t<p><strong>INFORMATIONS L\u0090\u00c9GALES<\/strong><\/p>\t\t\t\t\t\t\t\t<\/div>\n\t\t\t\t<\/div>\n\t\t\t\t\t<\/div>\n\t\t<\/div>\n\t\t\t\t\t<\/div>\n\t\t<\/section>\n\t\t\t\t<section class=\"elementor-section elementor-top-section elementor-element elementor-element-fcb1c55 elementor-section-stretched elementor-section-boxed elementor-section-height-default elementor-section-height-default\" data-id=\"fcb1c55\" data-element_type=\"section\" data-settings=\"{&quot;stretch_section&quot;:&quot;section-stretched&quot;}\">\n\t\t\t\t\t\t<div class=\"elementor-container elementor-column-gap-default\">\n\t\t\t\t\t<div class=\"elementor-column elementor-col-100 elementor-top-column elementor-element elementor-element-eb64e68\" data-id=\"eb64e68\" data-element_type=\"column\">\n\t\t\t<div class=\"elementor-widget-wrap elementor-element-populated\">\n\t\t\t\t\t\t<div class=\"elementor-element elementor-element-b8b39d1 elementor-widget elementor-widget-text-editor\" data-id=\"b8b39d1\" data-element_type=\"widget\" data-widget_type=\"text-editor.default\">\n\t\t\t\t<div class=\"elementor-widget-container\">\n\t\t\t\t\t\t\t\t\t<p style=\"text-align: left;\"><b>Site internet<\/b> : <a href=\"https:\/\/shiba404.com\/\">https:\/\/shiba404.com\/<\/a> (ci-apr\u00e8s le \u00ab <b>Site<\/b> \u00bb)<\/p>\n&nbsp;\n<p style=\"text-align: left;\"><b>\u00c9diteur<\/b> : Shiba404, soci\u00e9t\u00e9 par actions simplifi\u00e9e unipersonnelle au capital de 2 000 \u20ac dont le si\u00e8ge se situe au 5 rue Mirabeau 37300 Jou\u00e9-l\u00e8s-Tours, immatricul\u00e9e au RCS de TOURS sous le num\u00e9ro 920 443 223 (SIRET 920 443 223 00010), repr\u00e9sent\u00e9e par son Directeur G\u00e9n\u00e9ral Monsieur Martin GANAULT (ci-apr\u00e8s l\u2019 \u00ab <b>\u00c9diteur<\/b> \u00bb).<\/p>\n&nbsp;\n<p style=\"text-align: left;\">Mail : <a href=\"mailto:contact@shiba404.com\">contact@shiba404.com<\/a><\/p>\n<p style=\"text-align: left;\">Directeur de la publication : Martin GALNAULT<\/p>\n&nbsp;\n<p style=\"text-align: left;\"><b>Conception et r\u00e9alisation<\/b> : Shiba404, soci\u00e9t\u00e9 par actions simplifi\u00e9e unipersonnelle dont le si\u00e8ge se situe 5 rue Mirabeau 37300 Jou\u00e9-l\u00e8s-Tours et, immatricul\u00e9e au RCS de TOURS sous le num\u00e9ro 920 443 223, repr\u00e9sent\u00e9e par son Directeur G\u00e9n\u00e9ral Monsieur Martin GALNAULT.<\/p>\n\n&nbsp;\n<p style=\"text-align: left;\"><b>H\u00e9bergeur<\/b> : Castel IT, soci\u00e9t\u00e9 par actions simplifi\u00e9e au capital de 340 000 \u20ac dont le si\u00e8ge social se situe 3 rue des Pies-Gri\u00e8ches 37270 Lar\u00e7ay, immatricul\u00e9e au RCS de TOURS sous le num\u00e9ro 818 094 690, repr\u00e9sent\u00e9e par son Pr\u00e9sident en exercice : Monsieur Louis-Baptiste Paillot.<\/p>\t\t\t\t\t\t\t\t<\/div>\n\t\t\t\t<\/div>\n\t\t\t\t\t<\/div>\n\t\t<\/div>\n\t\t\t\t\t<\/div>\n\t\t<\/section>\n\t\t\t\t<section class=\"elementor-section elementor-top-section elementor-element elementor-element-6e75681 elementor-section-stretched elementor-section-boxed elementor-section-height-default elementor-section-height-default\" data-id=\"6e75681\" data-element_type=\"section\" data-settings=\"{&quot;stretch_section&quot;:&quot;section-stretched&quot;}\">\n\t\t\t\t\t\t<div class=\"elementor-container elementor-column-gap-default\">\n\t\t\t\t\t<div class=\"elementor-column elementor-col-100 elementor-top-column elementor-element elementor-element-2a1561c\" data-id=\"2a1561c\" data-element_type=\"column\">\n\t\t\t<div class=\"elementor-widget-wrap elementor-element-populated\">\n\t\t\t\t\t\t<div class=\"elementor-element elementor-element-013d954 elementor-widget elementor-widget-text-editor\" data-id=\"013d954\" data-element_type=\"widget\" data-widget_type=\"text-editor.default\">\n\t\t\t\t<div class=\"elementor-widget-container\">\n\t\t\t\t\t\t\t\t\t<p style=\"text-align: left;\"><b>AVERTISSEMENT<\/b><\/p>\n&nbsp;\n<p style=\"text-align: left;\">Toute reproduction, repr\u00e9sentation, traduction, adaptation, ou citation qu&rsquo;elle soit int\u00e9grale ou partielle, quel qu\u2019en soit le proc\u00e9d\u00e9, est strictement interdite sans autorisation de la soci\u00e9t\u00e9 Shiba404 SASU, sauf cas pr\u00e9vus par l&rsquo;article L.112-5 du code de la propri\u00e9t\u00e9 intellectuelle.<\/p>\t\t\t\t\t\t\t\t<\/div>\n\t\t\t\t<\/div>\n\t\t\t\t\t<\/div>\n\t\t<\/div>\n\t\t\t\t\t<\/div>\n\t\t<\/section>\n\t\t\t\t<section class=\"elementor-section elementor-top-section elementor-element elementor-element-455ac94 elementor-section-stretched elementor-section-boxed elementor-section-height-default elementor-section-height-default\" data-id=\"455ac94\" data-element_type=\"section\" data-settings=\"{&quot;stretch_section&quot;:&quot;section-stretched&quot;}\">\n\t\t\t\t\t\t<div class=\"elementor-container elementor-column-gap-default\">\n\t\t\t\t\t<div class=\"elementor-column elementor-col-100 elementor-top-column elementor-element elementor-element-4dbb3c4\" data-id=\"4dbb3c4\" data-element_type=\"column\">\n\t\t\t<div class=\"elementor-widget-wrap elementor-element-populated\">\n\t\t\t\t\t\t<div class=\"elementor-element elementor-element-e6f2915 elementor-widget elementor-widget-text-editor\" data-id=\"e6f2915\" data-element_type=\"widget\" data-widget_type=\"text-editor.default\">\n\t\t\t\t<div class=\"elementor-widget-container\">\n\t\t\t\t\t\t\t\t\t<p style=\"text-align: left;\"><b>ACCES AU SITE<\/b><\/p>\n&nbsp;\n<p style=\"text-align: left;\">L\u2019acc\u00e8s au Site et son utilisation sont r\u00e9serv\u00e9s \u00e0 un usage personnel. L\u2019Utilisateur s\u2019engage \u00e0 ne pas utiliser ce Site et les informations ou donn\u00e9es qui y figurent \u00e0 des fins commerciales (notamment pour toute forme de sollicitation commerciale), politiques et\/ou publicitaires.<\/p>\n&nbsp;\n<p style=\"text-align: left;\"><b>CONTENU DU SITE \u2013 PROPRIETE INTELLECTUELLE<\/b><\/p>\n&nbsp;\n<p style=\"text-align: left;\">Le contenu du Site incluant les marques, photographies, textes, commentaires, illustrations, images anim\u00e9es ou non, s\u00e9quences vid\u00e9o, sons, ainsi que toutes les applications informatiques et algorithmes qui pourraient \u00eatre utilis\u00e9es pour faire fonctionner ce Site, et plus g\u00e9n\u00e9ralement tous les \u00e9l\u00e9ments reproduits ou utilis\u00e9s sur le Site, sont la propri\u00e9t\u00e9 pleine et enti\u00e8re de l\u2019\u00c9diteur (ou de ses partenaires) et sont prot\u00e9g\u00e9s par les lois en vigueur au titre de la propri\u00e9t\u00e9 intellectuelle.<\/p>\n<p style=\"text-align: left;\">Toute reproduction, diffusion, repr\u00e9sentation, utilisation ou adaptation, sous quelque forme que ce soit, de tout ou partie de ces \u00e9l\u00e9ments, y compris les applications informatiques et num\u00e9riques, sont strictement interdites sauf accord expr\u00e8s, pr\u00e9alable et \u00e9crit de l\u2019\u00c9diteur.<\/p>\n<p style=\"text-align: left;\">Le fait pour l\u2019\u00c9diteur de ne pas engager de proc\u00e9dure d\u00e8s la prise de connaissance de ces utilisations non autoris\u00e9es ne saurait valoir acceptation desdites utilisations et renonciation aux poursuites.<\/p>\n&nbsp;\n<p style=\"text-align: left;\"><b>PHOTOGRAPHIES<\/b><\/p>\n&nbsp;\n<p style=\"text-align: left;\">Les photographies accompagnant la description des services propos\u00e9s sur le Site ne sont pas contractuelles et n\u2019engagent pas l\u2019\u00c9diteur.<\/p>\n&nbsp;\n<p style=\"text-align: left;\"><b>RESPONSABILITE<\/b><\/p>\n&nbsp;\n<p style=\"text-align: left;\">La responsabilit\u00e9 de l\u2019\u00c9diteur ne peut \u00eatre engag\u00e9e en cas de d\u00e9faillance, panne, difficult\u00e9 ou interruption de fonctionnement emp\u00eachant l\u2019acc\u00e8s au Site ou \u00e0 une de ses fonctionnalit\u00e9s.<\/p>\n<p style=\"text-align: left;\">Le mat\u00e9riel de connexion au Site utilis\u00e9 par l\u2019Utilisateur est sous son enti\u00e8re responsabilit\u00e9. L\u2019Utilisateur doit prendre toutes les mesures appropri\u00e9es pour prot\u00e9ger son mat\u00e9riel et ses propres donn\u00e9es, notamment en cas d\u2019attaques virales par Internet.<\/p>\n<p style=\"text-align: left;\">Tout contenu t\u00e9l\u00e9charg\u00e9 sur le Site se fait sous la seule responsabilit\u00e9 de l\u2019Utilisateur, l\u2019\u00c9diteur ne pouvant \u00eatre tenu responsable d\u2019un quelconque dommage subi par son ordinateur ou d\u2019une quelconque perte de donn\u00e9es cons\u00e9cutives au t\u00e9l\u00e9chargement.<\/p>\n<p style=\"text-align: left;\">L\u2019Utilisateur est par ailleurs le seul responsable des sites et donn\u00e9es qu\u2019il consulte.<\/p>\n<p style=\"text-align: left;\">L\u2019\u00c9diteur ne pourra \u00eatre tenu responsable en cas de poursuites judiciaires \u00e0 l\u2019encontre de l\u2019Utilisateur du fait, notamment, de l\u2019usage du Site ou de tout service accessible via Internet ou du non-respect par l\u2019Utilisateur des pr\u00e9sentes conditions.<\/p>\n<p style=\"text-align: left;\">L\u2019\u00c9diteur n\u2019est pas responsable des dommages caus\u00e9s \u00e0 l\u2019Utilisateur, \u00e0 des tiers et\/ou \u00e0 l\u2019\u00e9quipement de l\u2019Utilisateur du fait de sa connexion ou de son utilisation du Site. L\u2019Utilisateur renonce \u00e0 toute action contre l\u2019\u00c9diteur de ce fait.<\/p>\n<p style=\"text-align: left;\">Si l\u2019\u00c9diteur venait \u00e0 faire l\u2019objet d\u2019une proc\u00e9dure amiable ou judiciaire \u00e0 raison de l\u2019utilisation du Site par l\u2019Utilisateur, il pourra se retourner contre lui afin d\u2019obtenir indemnisation de tous les pr\u00e9judices, sommes, condamnations et frais qui pourraient d\u00e9couler de cette proc\u00e9dure.<\/p>\n&nbsp;\n<p style=\"text-align: left;\"><b>LIENS HYPERTEXTES<\/b><\/p>\n&nbsp;\n<p style=\"text-align: left;\">La mise en place par l\u2019Utilisateur de tous liens hypertextes vers tout ou partie du Site est strictement interdite, sauf autorisation expresse, pr\u00e9alable et \u00e9crite de l\u2019\u00c9diteur, sollicit\u00e9e par courrier adress\u00e9 \u00e0 l\u2019adresse de son si\u00e8ge social indiqu\u00e9e en t\u00eate des pr\u00e9sentes.<\/p>\n<p style=\"text-align: left;\">L\u2019\u00c9diteur est libre de refuser cette autorisation sans avoir \u00e0 justifier son refus. Dans le cas o\u00f9 l\u2019\u00c9diteur accorderait son autorisation, celle-ci sera temporaire et pourra \u00eatre retir\u00e9e \u00e0 tout moment, sans justification.\nDans tous les cas, tout lien devra \u00eatre retir\u00e9 sur simple demande de l\u2019\u00c9diteur.<\/p>\n<p style=\"text-align: left;\">Par ailleurs, toute information accessible via un lien hypertexte pr\u00e9sent sur le Site vers d\u2019autres sites internet n\u2019est pas sous le contr\u00f4le de l\u2019\u00c9diteur qui d\u00e9cline toute responsabilit\u00e9 quant \u00e0 leur contenu.&lt;\/p<\/p>&nbsp;\n<p style=\"text-align: left;\"><b>GESTION DU SITE<\/b><\/p>&nbsp;\n<p style=\"text-align: left;\">Pour la bonne gestion du Site, l\u2019\u00c9diteur pourra \u00e0 tout moment :<\/p>\n<p style=\"text-align: left;\">Suspendre, interrompre ou limiter l\u2019acc\u00e8s \u00e0 tout ou partie du Site, r\u00e9server l\u2019acc\u00e8s au Site ou \u00e0 certaines de ses parties, \u00e0 une cat\u00e9gorie d\u00e9termin\u00e9e d\u2019Utilisateurs ;<\/p>\n<p style=\"text-align: left;\">Supprimer toute information pouvant perturber le fonctionnement du Site ou entrant en contravention avec tout l\u00e9gislation ou r\u00e9glementation en vigueur ;<\/p>\n<p style=\"text-align: left;\">Suspendre l\u2019acc\u00e8s au Site afin de proc\u00e9der \u00e0 des mises \u00e0 jour.<\/p>&nbsp;\n<p style=\"text-align: left;\"><b>TRAITEMENT DES DONNEES PERSONNELLES<\/b><\/p>&nbsp;\n<p style=\"text-align: left;\">Pour en savoir plus, consultez nos Politiques de Protection des Donn\u00e9es Personnelles.<\/p>&nbsp;\n<p style=\"text-align: left;\"><b>LOI APPLICABLE \u2013 ATTRIBUTION DE COMPETENCE<\/b><\/p>&nbsp;\n<p style=\"text-align: left;\">Les pr\u00e9sentes conditions d\u2019utilisation du Site sont r\u00e9gies par le droit fran\u00e7ais.\nTous litiges qui pourraient na\u00eetre de ces conditions d\u2019utilisation, et notamment de leur interpr\u00e9tation ou ex\u00e9cution, seront de la comp\u00e9tence exclusive des tribunaux dont d\u00e9pend le si\u00e8ge social de l\u2019\u00c9diteur.\nLa langue de r\u00e9f\u00e9rence, pour le r\u00e8glement de contentieux \u00e9ventuels, est le fran\u00e7ais.<\/p>\t\t\t\t\t\t\t\t<\/div>\n\t\t\t\t<\/div>\n\t\t\t\t\t<\/div>\n\t\t<\/div>\n\t\t\t\t\t<\/div>\n\t\t<\/section>\n\t\t\t\t<section class=\"elementor-section elementor-top-section elementor-element elementor-element-e578b9e elementor-section-stretched elementor-section-boxed elementor-section-height-default elementor-section-height-default\" data-id=\"e578b9e\" data-element_type=\"section\" data-settings=\"{&quot;stretch_section&quot;:&quot;section-stretched&quot;}\">\n\t\t\t\t\t\t<div class=\"elementor-container elementor-column-gap-default\">\n\t\t\t\t\t<div class=\"elementor-column elementor-col-100 elementor-top-column elementor-element elementor-element-e703267\" data-id=\"e703267\" data-element_type=\"column\">\n\t\t\t<div class=\"elementor-widget-wrap elementor-element-populated\">\n\t\t\t\t\t\t<div class=\"elementor-element elementor-element-cdb660e elementor-widget elementor-widget-spacer\" data-id=\"cdb660e\" data-element_type=\"widget\" data-widget_type=\"spacer.default\">\n\t\t\t\t<div class=\"elementor-widget-container\">\n\t\t\t\t\t\t\t<div class=\"elementor-spacer\">\n\t\t\t<div class=\"elementor-spacer-inner\"><\/div>\n\t\t<\/div>\n\t\t\t\t\t\t<\/div>\n\t\t\t\t<\/div>\n\t\t\t\t\t<\/div>\n\t\t<\/div>\n\t\t\t\t\t<\/div>\n\t\t<\/section>\n\t\t\t\t<section class=\"elementor-section elementor-top-section elementor-element elementor-element-f36d8be elementor-section-stretched elementor-section-boxed elementor-section-height-default elementor-section-height-default\" data-id=\"f36d8be\" data-element_type=\"section\" data-settings=\"{&quot;stretch_section&quot;:&quot;section-stretched&quot;}\">\n\t\t\t\t\t\t<div class=\"elementor-container elementor-column-gap-default\">\n\t\t\t\t\t<div class=\"elementor-column elementor-col-100 elementor-top-column elementor-element elementor-element-c0b7fe4\" data-id=\"c0b7fe4\" data-element_type=\"column\">\n\t\t\t<div class=\"elementor-widget-wrap elementor-element-populated\">\n\t\t\t\t\t\t<div class=\"elementor-element elementor-element-d20c603 elementor-widget elementor-widget-text-editor\" data-id=\"d20c603\" data-element_type=\"widget\" data-widget_type=\"text-editor.default\">\n\t\t\t\t<div class=\"elementor-widget-container\">\n\t\t\t\t\t\t\t\t\t<p>Copyright \u00a9 2024 &#8211; Shiba404 SASU<\/p>\n\n<p><strong>All rights reserved. <a href=\"https:\/\/shiba404.com\/?page_id=327\">Legal information (FR)<\/a>. Privacy policy (FR).<\/strong><\/p>\t\t\t\t\t\t\t\t<\/div>\n\t\t\t\t<\/div>\n\t\t\t\t\t<\/div>\n\t\t<\/div>\n\t\t\t\t\t<\/div>\n\t\t<\/section>\n\t\t\t\t<\/div>\n\t\t","protected":false},"excerpt":{"rendered":"<p>Mentions l\u00e9gales &#8211; Conditions d&rsquo;utilisation Mentions l\u00e9gales &#8211; Conditions d&rsquo;utilisation La poursuite de la navigation sur ce site par l\u2019utilisateur (ci-apr\u00e8s l\u2019\u00ab\u00a0Utilisateur\u00a0\u00bb) vaut acceptation sans r\u00e9serve des dispositions et conditions d\u2019utilisation ci-apr\u00e8s expos\u00e9es. La pr\u00e9sente version des conditions d\u2019utilisation est la seule opposable pendant toute la dur\u00e9e d\u2019utilisation du site, et ce jusqu\u2019\u00e0 ce qu\u2019une<a class=\"more-link\" href=\"https:\/\/shiba404.com\/?page_id=327\">Continue reading <span class=\"screen-reader-text\">\u00ab\u00a0Legal information\u00a0\u00bb<\/span><\/a><\/p>\n","protected":false},"author":1,"featured_media":0,"parent":0,"menu_order":0,"comment_status":"closed","ping_status":"closed","template":"","meta":{"footnotes":""},"class_list":["post-327","page","type-page","status-publish","hentry","entry"],"_links":{"self":[{"href":"https:\/\/shiba404.com\/index.php?rest_route=\/wp\/v2\/pages\/327","targetHints":{"allow":["GET"]}}],"collection":[{"href":"https:\/\/shiba404.com\/index.php?rest_route=\/wp\/v2\/pages"}],"about":[{"href":"https:\/\/shiba404.com\/index.php?rest_route=\/wp\/v2\/types\/page"}],"author":[{"embeddable":true,"href":"https:\/\/shiba404.com\/index.php?rest_route=\/wp\/v2\/users\/1"}],"replies":[{"embeddable":true,"href":"https:\/\/shiba404.com\/index.php?rest_route=%2Fwp%2Fv2%2Fcomments&post=327"}],"version-history":[{"count":44,"href":"https:\/\/shiba404.com\/index.php?rest_route=\/wp\/v2\/pages\/327\/revisions"}],"predecessor-version":[{"id":411,"href":"https:\/\/shiba404.com\/index.php?rest_route=\/wp\/v2\/pages\/327\/revisions\/411"}],"wp:attachment":[{"href":"https:\/\/shiba404.com\/index.php?rest_route=%2Fwp%2Fv2%2Fmedia&parent=327"}],"curies":[{"name":"wp","href":"https:\/\/api.w.org\/{rel}","templated":true}]}}